{"id":21,"date":"2025-02-06T17:36:06","date_gmt":"2025-02-06T17:36:06","guid":{"rendered":"https:\/\/nazwe.sie.wymysli.potem.7szkola.pl\/?page_id=21"},"modified":"2025-04-03T07:19:00","modified_gmt":"2025-04-03T07:19:00","slug":"droga","status":"publish","type":"page","link":"https:\/\/nazwe.sie.wymysli.potem.7szkola.pl\/index.php\/droga\/","title":{"rendered":"Braun"},"content":{"rendered":"\n<div class=\"wp-block-group alignfull has-accent-2-background-color has-background is-layout-constrained wp-container-core-group-is-layout-669513ed wp-block-group-is-layout-constrained\" style=\"margin-top:0;margin-bottom:0;padding-top:var(--wp--preset--spacing--50);padding-right:var(--wp--preset--spacing--50);padding-bottom:var(--wp--preset--spacing--50);padding-left:var(--wp--preset--spacing--50)\">\n<p class=\"has-large-font-size\"><strong>Grzegorz Braun og\u0142asza konwersj\u0119 na judaizm i popiera spo\u0142eczno\u015b\u0107 LGBT: \u201eTo by\u0142a d\u0142uga droga\u201d<\/strong><\/p>\n\n\n\n<p>W sensacyjnym zwrocie wydarze\u0144, pose\u0142 Grzegorz Braun og\u0142osi\u0142, \u017ce po latach przemy\u015ble\u0144 postanowi\u0142 przej\u015b\u0107 na judaizm. Decyzja ta zaskoczy\u0142a zar\u00f3wno jego zwolennik\u00f3w, jak i przeciwnik\u00f3w, zw\u0142aszcza bior\u0105c pod uwag\u0119 jego dotychczasowe pogl\u0105dy na temat spo\u0142eczno\u015bci \u017cydowskiej.<\/p>\n\n\n\n<p>\u2013 <strong>\u201ePrzez lata czu\u0142em, \u017ce co\u015b mnie prowadzi\u0142o w tym kierunku. Studiuj\u0105c \u017ar\u00f3d\u0142a, zrozumia\u0142em, \u017ce oto znalaz\u0142em prawd\u0119\u201d<\/strong> \u2013 wyzna\u0142 Braun podczas konferencji prasowej, na kt\u00f3rej pojawi\u0142 si\u0119 w jarmu\u0142ce i z egzemplarzem Tory w r\u0119ku.<\/p>\n\n\n\n<p>Wed\u0142ug relacji jego wsp\u00f3\u0142pracownik\u00f3w, moment prze\u0142omowy nast\u0105pi\u0142, gdy przypadkiem przeczyta\u0142 <strong>\u201eTalmud dla pocz\u0105tkuj\u0105cych\u201d<\/strong>, my\u015bl\u0105c, \u017ce to instrukcja obs\u0142ugi do tajnego \u015bwiatowego rz\u0105du. \u2013 <strong>\u201eZacz\u0119\u0142o si\u0119 od teorii spiskowych, ale potem pomy\u015bla\u0142em: a mo\u017ce zamiast walczy\u0107, po prostu si\u0119 do\u0142\u0105cz\u0119?\u201d<\/strong> \u2013 mia\u0142 powiedzie\u0107.<\/p>\n\n\n\n<p>Eksperci zwracaj\u0105 uwag\u0119, \u017ce Braun ju\u017c zacz\u0105\u0142 wprowadza\u0107 zmiany w swoim \u017cyciu. Podobno uczy si\u0119 hebrajskiego, negocjuje zakup koszernej w\u0119dliny na Podkarpaciu i zapowiedzia\u0142, \u017ce tegoroczne \u015bwi\u0119ta sp\u0119dzi w Jerozolimie. \u2013 <strong>\u201eNie jest \u0142atwo zaakceptowa\u0107, \u017ce przez ca\u0142e \u017cycie myli\u0142em si\u0119 w kwestii \u015bwiatowego spisku\u201d<\/strong> \u2013 doda\u0142 z pokor\u0105.<\/p>\n\n\n\n<p>Ruch ten wywo\u0142a\u0142 konsternacj\u0119 w\u015br\u00f3d jego dotychczasowych zwolennik\u00f3w, kt\u00f3rzy nie wiedz\u0105, czy nadal klaska\u0107 na jego wyst\u0105pieniach. Nieoficjalnie m\u00f3wi si\u0119, \u017ce pose\u0142 zamierza tak\u017ce zmieni\u0107 nazwisko na <strong>\u201eGrzegorz Baruch\u201d<\/strong>.<\/p>\n\n\n\n<p>Ale to jeszcze nie koniec\u2026<\/p>\n\n\n\n<h3 class=\"wp-block-heading\">Reszta artyku\u0142u pod zdj\u0119ciem<\/h3>\n\n\n\n<div style=\"height:var(--wp--preset--spacing--40)\" aria-hidden=\"true\" class=\"wp-block-spacer\"><\/div>\n<\/div>\n\n\n\n<figure class=\"wp-block-image size-full\"><img loading=\"lazy\" decoding=\"async\" width=\"1024\" height=\"768\" src=\"https:\/\/nazwe.sie.wymysli.potem.7szkola.pl\/wp-content\/uploads\/2025\/04\/image-2.jpg\" alt=\"\" class=\"wp-image-95\" srcset=\"https:\/\/nazwe.sie.wymysli.potem.7szkola.pl\/wp-content\/uploads\/2025\/04\/image-2.jpg 1024w, https:\/\/nazwe.sie.wymysli.potem.7szkola.pl\/wp-content\/uploads\/2025\/04\/image-2-300x225.jpg 300w, https:\/\/nazwe.sie.wymysli.potem.7szkola.pl\/wp-content\/uploads\/2025\/04\/image-2-768x576.jpg 768w\" sizes=\"auto, (max-width: 1024px) 100vw, 1024px\" \/><\/figure>\n\n\n\n<div class=\"wp-block-group alignfull has-base-2-background-color has-background is-layout-constrained wp-container-core-group-is-layout-7cd14b77 wp-block-group-is-layout-constrained\" style=\"margin-top:0;margin-bottom:0;padding-top:var(--wp--preset--spacing--60);padding-right:var(--wp--preset--spacing--60);padding-bottom:var(--wp--preset--spacing--60);padding-left:var(--wp--preset--spacing--60)\">\n<div class=\"wp-block-group alignwide is-layout-flow wp-block-group-is-layout-flow\">\n<div style=\"height:var(--wp--preset--spacing--50)\" aria-hidden=\"true\" class=\"wp-block-spacer\"><\/div>\n<\/div>\n<\/div>\n\n\n\n<p class=\"has-text-align-center has-heading-font-family has-x-large-font-size\" style=\"font-style:normal;font-weight:400;line-height:1.2\"><strong>Braun idzie dalej: \u201eJu\u017c nie cringe, teraz full based\u201d<\/strong><\/p>\n\n\n\n<p>Je\u015bli kto\u015b my\u015bla\u0142, \u017ce polityczna wolta Grzegorza Brauna sko\u0144czy si\u0119 na judaizmie, to by\u0142 w b\u0142\u0119dzie. Podczas najnowszego wyst\u0105pienia w Sejmie pose\u0142 Konfederacji og\u0142osi\u0142, \u017ce przechodzi kolejn\u0105 przemian\u0119 \u2013 tym razem w kwestii praw os\u00f3b LGBT.<\/p>\n\n\n\n<p>\u2013 <strong>\u201eZrozumia\u0142em, \u017ce wolno\u015b\u0107 to wolno\u015b\u0107 dla wszystkich. Nie mog\u0119 d\u0142u\u017cej sta\u0107 po stronie ciemnogrodu\u201d<\/strong> \u2013 m\u00f3wi\u0142 wzruszony Braun, ubrany w t\u0119czow\u0105 kip\u0119.<\/p>\n\n\n\n<p>\u015awiadkowie relacjonuj\u0105, \u017ce podczas konferencji prasowej polityk niespodziewanie rozwin\u0105\u0142 flag\u0119 LGBT i zacz\u0105\u0142 cytowa\u0107 teksty Lady Gagi. <strong>\u201eBaby, I was born this way\u201d<\/strong> \u2013 wyzna\u0142, patrz\u0105c w dal ze \u0142zami w oczach.<\/p>\n\n\n\n<p>Decyzja ta wstrz\u0105sn\u0119\u0142a jego dotychczasowym zapleczem politycznym. Jeden z by\u0142ych wsp\u00f3\u0142pracownik\u00f3w mia\u0142 podobno zemdle\u0107 na wie\u015b\u0107 o nowym \u015bwiatopogl\u0105dzie Brauna, a inny pr\u00f3bowa\u0142 przekona\u0107 go, \u017ce to wszystko spisek masonerii. Sam Braun jednak stanowczo odpowiada na zarzuty:<\/p>\n\n\n\n<p>\u2013 <strong>\u201eNie, prosz\u0119 pa\u0144stwa! To nie jest \u017cadna intryga, to ja \u2013 prawdziwy ja! M\u00f3wi\u0105c j\u0119zykiem m\u0142odzie\u017cy: ju\u017c nie cringe, teraz full based\u201d<\/strong> \u2013 o\u015bwiadczy\u0142.<\/p>\n\n\n\n<p>Niekt\u00f3rzy twierdz\u0105, \u017ce to kolejny akt wi\u0119kszego planu, bo Braun zacz\u0105\u0142 obserwowa\u0107 na Twitterze zar\u00f3wno Rabina Schudricha, jak i Parad\u0119 R\u00f3wno\u015bci. Kuluarowe plotki m\u00f3wi\u0105 te\u017c o jego mo\u017cliwej wsp\u00f3\u0142pracy z Robertem Biedroniem przy organizacji przysz\u0142orocznej Parady R\u00f3wno\u015bci.<\/p>\n\n\n\n<p>Jego dawni zwolennicy s\u0105 w szoku. Jeden z nich napisa\u0142 na Facebooku: <strong>\u201eTo nie mo\u017ce by\u0107 prawda\u2026 mo\u017ce kto\u015b go zahipnotyzowa\u0142?!\u201d<\/strong>. Inni zacz\u0119li podejrzewa\u0107, \u017ce Braun m\u00f3g\u0142 pa\u015b\u0107 ofiar\u0105 nowej technologii kontroli umys\u0142u \u2013 chocia\u017c sam zainteresowany odpowiada na te zarzuty s\u0142owami:<\/p>\n\n\n\n<p class=\"has-text-align-center has-heading-font-family has-x-large-font-size\" style=\"font-style:normal;font-weight:400;line-height:1.2\">\u2013 <strong>\u201eOtw\u00f3rzcie oczy, bracia i siostry! Wszyscy zas\u0142uguj\u0105 na szacunek, nawet ja, cho\u0107 przez lata m\u00f3wi\u0142em co innego\u201d<\/strong>.<\/p>\n","protected":false},"excerpt":{"rendered":"<p>Grzegorz Braun og\u0142asza konwersj\u0119 na judaizm i popiera spo\u0142eczno\u015b\u0107 LGBT: \u201eTo by\u0142a d\u0142uga droga\u201d W sensacyjnym zwrocie wydarze\u0144,<\/p>\n","protected":false},"author":1,"featured_media":0,"parent":0,"menu_order":0,"comment_status":"closed","ping_status":"closed","template":"","meta":{"footnotes":""},"class_list":["post-21","page","type-page","status-publish","hentry"],"_links":{"self":[{"href":"https:\/\/nazwe.sie.wymysli.potem.7szkola.pl\/index.php\/wp-json\/wp\/v2\/pages\/21","targetHints":{"allow":["GET"]}}],"collection":[{"href":"https:\/\/nazwe.sie.wymysli.potem.7szkola.pl\/index.php\/wp-json\/wp\/v2\/pages"}],"about":[{"href":"https:\/\/nazwe.sie.wymysli.potem.7szkola.pl\/index.php\/wp-json\/wp\/v2\/types\/page"}],"author":[{"embeddable":true,"href":"https:\/\/nazwe.sie.wymysli.potem.7szkola.pl\/index.php\/wp-json\/wp\/v2\/users\/1"}],"replies":[{"embeddable":true,"href":"https:\/\/nazwe.sie.wymysli.potem.7szkola.pl\/index.php\/wp-json\/wp\/v2\/comments?post=21"}],"version-history":[{"count":12,"href":"https:\/\/nazwe.sie.wymysli.potem.7szkola.pl\/index.php\/wp-json\/wp\/v2\/pages\/21\/revisions"}],"predecessor-version":[{"id":101,"href":"https:\/\/nazwe.sie.wymysli.potem.7szkola.pl\/index.php\/wp-json\/wp\/v2\/pages\/21\/revisions\/101"}],"wp:attachment":[{"href":"https:\/\/nazwe.sie.wymysli.potem.7szkola.pl\/index.php\/wp-json\/wp\/v2\/media?parent=21"}],"curies":[{"name":"wp","href":"https:\/\/api.w.org\/{rel}","templated":true}]}}